{"id":15,"date":"2015-06-03T11:24:27","date_gmt":"2015-06-03T08:24:27","guid":{"rendered":"http:\/\/local.telpak.fi\/?page_id=15"},"modified":"2022-05-16T20:00:19","modified_gmt":"2022-05-16T17:00:19","slug":"paamiehet","status":"publish","type":"page","link":"https:\/\/www.telpak.fi\/sv\/paamiehet\/","title":{"rendered":"P\u00e4\u00e4miehet"},"content":{"rendered":"<p>Edustamme kaikkia pakkausalan parhaita p\u00e4\u00e4miehi\u00e4. Joidenkin kanssa yhteisty\u00f6 on jatkunut jo vuosikymmeni\u00e4. Telpakilta saat takuuvarmasti alan parhaat tuotteet ja koneet.<\/p>\n<div><strong>Tavaramerkit ja kauppanimet<\/strong>, joiden edustaja yritys on:<\/div>\n<ul>\n<li>ATLANTA: pakkauskoneet<\/li>\n<li>MIMA: kiristekalvot, kiristek\u00e4\u00e4rint\u00e4koneet<\/li>\n<li>OMS: pakkauskoneet ja -linjat<\/li>\n<li>PEPI RER: pe-foamit<\/li>\n<li>SIAT: pakkauskoneet<\/li>\n<li>SICAD: teipit<\/li>\n<li>TELPAK TEIPIT: osoitetarrat, painetut teipit<\/li>\n<li>VIBAC: teipit<\/li>\n<li>ZAPAK: vanteituskoneet<\/li>\n<li>DEBATIN: l\u00e4hetyslistapussit<\/li>\n<li>DOXA: kiristekalvot<\/li>\n<\/ul>\n<div><strong>Pakkausalan tuotteita valmistavat yritykset<\/strong>, joiden edustaja yritys on:<\/div>\n<ul>\n<li>Advance: Englanti<\/li>\n<li>Atlanta: Italia<\/li>\n<li>Mima Systems: Ranska<\/li>\n<li>OMS: Italia<\/li>\n<li>SIAT: Italia<\/li>\n<li>Sicad: Italia<\/li>\n<li>Storopack: Saksa<\/li>\n<li>Vibac: Italia<\/li>\n<li>Zapak: Taiwan<\/li>\n<\/ul>\n","protected":false},"excerpt":{"rendered":"<p>Edustamme kaikkia pakkausalan parhaita p\u00e4\u00e4miehi\u00e4. Joidenkin kanssa yhteisty\u00f6 on jatkunut jo vuosikymmeni\u00e4. Telpakilta saat takuuvarmasti alan parhaat tuotteet ja koneet. Tavaramerkit ja kauppanimet, joiden edustaja<\/p>\n","protected":false},"author":1,"featured_media":998,"parent":0,"menu_order":17,"comment_status":"closed","ping_status":"closed","template":"","meta":{"_acf_changed":false,"footnotes":""},"class_list":["post-15","page","type-page","status-publish","has-post-thumbnail","hentry"],"acf":[],"yoast_head":"<!-- This site is optimized with the Yoast SEO plugin v27.5 - https:\/\/yoast.com\/product\/yoast-seo-wordpress\/ -->\n<title>P\u00e4\u00e4miehet - Telpak<\/title>\n<meta name=\"robots\" content=\"index, follow, max-snippet:-1, max-image-preview:large, max-video-preview:-1\" \/>\n<link rel=\"canonical\" href=\"https:\/\/www.telpak.fi\/paamiehet\/\" \/>\n<meta property=\"og:locale\" content=\"sv_SE\" \/>\n<meta property=\"og:type\" content=\"article\" \/>\n<meta property=\"og:title\" content=\"P\u00e4\u00e4miehet - Telpak\" \/>\n<meta property=\"og:description\" content=\"Edustamme kaikkia pakkausalan parhaita p\u00e4\u00e4miehi\u00e4. Joidenkin kanssa yhteisty\u00f6 on jatkunut jo vuosikymmeni\u00e4. Telpakilta saat takuuvarmasti alan parhaat tuotteet ja koneet. Tavaramerkit ja kauppanimet, joiden edustaja\" \/>\n<meta property=\"og:url\" content=\"https:\/\/www.telpak.fi\/paamiehet\/\" \/>\n<meta property=\"og:site_name\" content=\"Telpak\" \/>\n<meta property=\"article:modified_time\" content=\"2022-05-16T17:00:19+00:00\" \/>\n<meta property=\"og:image\" content=\"https:\/\/www.telpak.fi\/wp-content\/uploads\/2016\/03\/header-linja.jpg\" \/>\n\t<meta property=\"og:image:width\" content=\"1200\" \/>\n\t<meta property=\"og:image:height\" content=\"500\" \/>\n\t<meta property=\"og:image:type\" content=\"image\/jpeg\" \/>\n<meta name=\"twitter:card\" content=\"summary_large_image\" \/>\n<script type=\"application\/ld+json\" class=\"yoast-schema-graph\">{\"@context\":\"https:\\\/\\\/schema.org\",\"@graph\":[{\"@type\":\"WebPage\",\"@id\":\"https:\\\/\\\/www.telpak.fi\\\/paamiehet\\\/\",\"url\":\"https:\\\/\\\/www.telpak.fi\\\/paamiehet\\\/\",\"name\":\"P\u00e4\u00e4miehet - Telpak\",\"isPartOf\":{\"@id\":\"https:\\\/\\\/www.telpak.fi\\\/#website\"},\"primaryImageOfPage\":{\"@id\":\"https:\\\/\\\/www.telpak.fi\\\/paamiehet\\\/#primaryimage\"},\"image\":{\"@id\":\"https:\\\/\\\/www.telpak.fi\\\/paamiehet\\\/#primaryimage\"},\"thumbnailUrl\":\"https:\\\/\\\/www.telpak.fi\\\/wp-content\\\/uploads\\\/2016\\\/03\\\/header-linja.jpg\",\"datePublished\":\"2015-06-03T08:24:27+00:00\",\"dateModified\":\"2022-05-16T17:00:19+00:00\",\"breadcrumb\":{\"@id\":\"https:\\\/\\\/www.telpak.fi\\\/paamiehet\\\/#breadcrumb\"},\"inLanguage\":\"sv-SE\",\"potentialAction\":[{\"@type\":\"ReadAction\",\"target\":[\"https:\\\/\\\/www.telpak.fi\\\/paamiehet\\\/\"]}]},{\"@type\":\"ImageObject\",\"inLanguage\":\"sv-SE\",\"@id\":\"https:\\\/\\\/www.telpak.fi\\\/paamiehet\\\/#primaryimage\",\"url\":\"https:\\\/\\\/www.telpak.fi\\\/wp-content\\\/uploads\\\/2016\\\/03\\\/header-linja.jpg\",\"contentUrl\":\"https:\\\/\\\/www.telpak.fi\\\/wp-content\\\/uploads\\\/2016\\\/03\\\/header-linja.jpg\",\"width\":1200,\"height\":500},{\"@type\":\"BreadcrumbList\",\"@id\":\"https:\\\/\\\/www.telpak.fi\\\/paamiehet\\\/#breadcrumb\",\"itemListElement\":[{\"@type\":\"ListItem\",\"position\":1,\"name\":\"Etusivu\",\"item\":\"https:\\\/\\\/www.telpak.fi\\\/sv\\\/\"},{\"@type\":\"ListItem\",\"position\":2,\"name\":\"P\u00e4\u00e4miehet\"}]},{\"@type\":\"WebSite\",\"@id\":\"https:\\\/\\\/www.telpak.fi\\\/#website\",\"url\":\"https:\\\/\\\/www.telpak.fi\\\/\",\"name\":\"Telpak\",\"description\":\"Pienet asiat, suuri vaikutus\",\"publisher\":{\"@id\":\"https:\\\/\\\/www.telpak.fi\\\/#organization\"},\"potentialAction\":[{\"@type\":\"SearchAction\",\"target\":{\"@type\":\"EntryPoint\",\"urlTemplate\":\"https:\\\/\\\/www.telpak.fi\\\/?s={search_term_string}\"},\"query-input\":{\"@type\":\"PropertyValueSpecification\",\"valueRequired\":true,\"valueName\":\"search_term_string\"}}],\"inLanguage\":\"sv-SE\"},{\"@type\":\"Organization\",\"@id\":\"https:\\\/\\\/www.telpak.fi\\\/#organization\",\"name\":\"Telpak Oy\",\"url\":\"https:\\\/\\\/www.telpak.fi\\\/\",\"logo\":{\"@type\":\"ImageObject\",\"inLanguage\":\"sv-SE\",\"@id\":\"https:\\\/\\\/www.telpak.fi\\\/#\\\/schema\\\/logo\\\/image\\\/\",\"url\":\"https:\\\/\\\/www.telpak.fi\\\/wp-content\\\/uploads\\\/2016\\\/06\\\/testim-logo-telpak.png\",\"contentUrl\":\"https:\\\/\\\/www.telpak.fi\\\/wp-content\\\/uploads\\\/2016\\\/06\\\/testim-logo-telpak.png\",\"width\":167,\"height\":138,\"caption\":\"Telpak Oy\"},\"image\":{\"@id\":\"https:\\\/\\\/www.telpak.fi\\\/#\\\/schema\\\/logo\\\/image\\\/\"},\"sameAs\":[\"https:\\\/\\\/www.linkedin.com\\\/company\\\/oy-telpak-ab\",\"https:\\\/\\\/www.youtube.com\\\/channel\\\/UCxHYBsFKZOYL7U-3rzehx5w\"]}]}<\/script>\n<!-- \/ Yoast SEO plugin. -->","yoast_head_json":{"title":"P\u00e4\u00e4miehet - Telpak","robots":{"index":"index","follow":"follow","max-snippet":"max-snippet:-1","max-image-preview":"max-image-preview:large","max-video-preview":"max-video-preview:-1"},"canonical":"https:\/\/www.telpak.fi\/paamiehet\/","og_locale":"sv_SE","og_type":"article","og_title":"P\u00e4\u00e4miehet - Telpak","og_description":"Edustamme kaikkia pakkausalan parhaita p\u00e4\u00e4miehi\u00e4. Joidenkin kanssa yhteisty\u00f6 on jatkunut jo vuosikymmeni\u00e4. Telpakilta saat takuuvarmasti alan parhaat tuotteet ja koneet. Tavaramerkit ja kauppanimet, joiden edustaja","og_url":"https:\/\/www.telpak.fi\/paamiehet\/","og_site_name":"Telpak","article_modified_time":"2022-05-16T17:00:19+00:00","og_image":[{"width":1200,"height":500,"url":"https:\/\/www.telpak.fi\/wp-content\/uploads\/2016\/03\/header-linja.jpg","type":"image\/jpeg"}],"twitter_card":"summary_large_image","schema":{"@context":"https:\/\/schema.org","@graph":[{"@type":"WebPage","@id":"https:\/\/www.telpak.fi\/paamiehet\/","url":"https:\/\/www.telpak.fi\/paamiehet\/","name":"P\u00e4\u00e4miehet - Telpak","isPartOf":{"@id":"https:\/\/www.telpak.fi\/#website"},"primaryImageOfPage":{"@id":"https:\/\/www.telpak.fi\/paamiehet\/#primaryimage"},"image":{"@id":"https:\/\/www.telpak.fi\/paamiehet\/#primaryimage"},"thumbnailUrl":"https:\/\/www.telpak.fi\/wp-content\/uploads\/2016\/03\/header-linja.jpg","datePublished":"2015-06-03T08:24:27+00:00","dateModified":"2022-05-16T17:00:19+00:00","breadcrumb":{"@id":"https:\/\/www.telpak.fi\/paamiehet\/#breadcrumb"},"inLanguage":"sv-SE","potentialAction":[{"@type":"ReadAction","target":["https:\/\/www.telpak.fi\/paamiehet\/"]}]},{"@type":"ImageObject","inLanguage":"sv-SE","@id":"https:\/\/www.telpak.fi\/paamiehet\/#primaryimage","url":"https:\/\/www.telpak.fi\/wp-content\/uploads\/2016\/03\/header-linja.jpg","contentUrl":"https:\/\/www.telpak.fi\/wp-content\/uploads\/2016\/03\/header-linja.jpg","width":1200,"height":500},{"@type":"BreadcrumbList","@id":"https:\/\/www.telpak.fi\/paamiehet\/#breadcrumb","itemListElement":[{"@type":"ListItem","position":1,"name":"Etusivu","item":"https:\/\/www.telpak.fi\/sv\/"},{"@type":"ListItem","position":2,"name":"P\u00e4\u00e4miehet"}]},{"@type":"WebSite","@id":"https:\/\/www.telpak.fi\/#website","url":"https:\/\/www.telpak.fi\/","name":"Telpak","description":"Pienet asiat, suuri vaikutus","publisher":{"@id":"https:\/\/www.telpak.fi\/#organization"},"potentialAction":[{"@type":"SearchAction","target":{"@type":"EntryPoint","urlTemplate":"https:\/\/www.telpak.fi\/?s={search_term_string}"},"query-input":{"@type":"PropertyValueSpecification","valueRequired":true,"valueName":"search_term_string"}}],"inLanguage":"sv-SE"},{"@type":"Organization","@id":"https:\/\/www.telpak.fi\/#organization","name":"Telpak Oy","url":"https:\/\/www.telpak.fi\/","logo":{"@type":"ImageObject","inLanguage":"sv-SE","@id":"https:\/\/www.telpak.fi\/#\/schema\/logo\/image\/","url":"https:\/\/www.telpak.fi\/wp-content\/uploads\/2016\/06\/testim-logo-telpak.png","contentUrl":"https:\/\/www.telpak.fi\/wp-content\/uploads\/2016\/06\/testim-logo-telpak.png","width":167,"height":138,"caption":"Telpak Oy"},"image":{"@id":"https:\/\/www.telpak.fi\/#\/schema\/logo\/image\/"},"sameAs":["https:\/\/www.linkedin.com\/company\/oy-telpak-ab","https:\/\/www.youtube.com\/channel\/UCxHYBsFKZOYL7U-3rzehx5w"]}]}},"_links":{"self":[{"href":"https:\/\/www.telpak.fi\/sv\/wp-json\/wp\/v2\/pages\/15","targetHints":{"allow":["GET"]}}],"collection":[{"href":"https:\/\/www.telpak.fi\/sv\/wp-json\/wp\/v2\/pages"}],"about":[{"href":"https:\/\/www.telpak.fi\/sv\/wp-json\/wp\/v2\/types\/page"}],"author":[{"embeddable":true,"href":"https:\/\/www.telpak.fi\/sv\/wp-json\/wp\/v2\/users\/1"}],"replies":[{"embeddable":true,"href":"https:\/\/www.telpak.fi\/sv\/wp-json\/wp\/v2\/comments?post=15"}],"version-history":[{"count":7,"href":"https:\/\/www.telpak.fi\/sv\/wp-json\/wp\/v2\/pages\/15\/revisions"}],"predecessor-version":[{"id":1367,"href":"https:\/\/www.telpak.fi\/sv\/wp-json\/wp\/v2\/pages\/15\/revisions\/1367"}],"wp:featuredmedia":[{"embeddable":true,"href":"https:\/\/www.telpak.fi\/sv\/wp-json\/wp\/v2\/media\/998"}],"wp:attachment":[{"href":"https:\/\/www.telpak.fi\/sv\/wp-json\/wp\/v2\/media?parent=15"}],"curies":[{"name":"wp","href":"https:\/\/api.w.org\/{rel}","templated":true}]}}