{"id":1665,"date":"2015-06-03T11:24:19","date_gmt":"2015-06-03T08:24:19","guid":{"rendered":"http:\/\/www.telpak.fi\/sv\/?page_id=1665"},"modified":"2023-04-13T10:40:09","modified_gmt":"2023-04-13T07:40:09","slug":"foretaget","status":"publish","type":"page","link":"https:\/\/www.telpak.fi\/sv\/foretaget\/","title":{"rendered":"F\u00f6retaget"},"content":{"rendered":"<p><strong>L\u00e5ng historia som experting och branchen<\/strong><\/p>\n<p>Oy Telpak Ab \u00e4r expert inom f\u00f6rpackningsbranschen och \u00e4r ett finskt, privat\u00e4gt f\u00f6retag med en historik som leder \u00e4nda till 1908. Kunskaperna har inte kommit av sig sj\u00e4lv. Vi har f\u00f6r n\u00e4rvarande ett hundratal produkter och tusentals n\u00f6jda kunder. V\u00e5rt solida f\u00f6retag har j\u00e4mn tillv\u00e4xt och oms\u00e4ttningen uppg\u00e5r till cirka 17 miljoner euro. Vi har cirka 15 anst\u00e4llda. V\u00e5rt lager ligger i Vanda och vi betj\u00e4nar runt om i Finland.<\/p>\n<p>Vi samarbetar med flera tillf\u00f6rlitliga huvudm\u00e4n, varav de mest l\u00e5ngvariga har varit v\u00e5ra samarbetspartner i \u00e5rtionden. Tillsammans med dem och n\u00e5gra nyare huvudm\u00e4n kan Telpak erbjuda ett brett sortiment av kvalitetsprodukter f\u00f6r f\u00f6rpackningar, skydd och f\u00e4stning.<\/p>\n<h3>Oms\u00e4ttningsutveckling <small>(1000 \u20ac)<\/small><\/h3>\n<div id=\"liikevaihto\" style=\"height: 250px;\"><\/div>\n","protected":false},"excerpt":{"rendered":"<p>L\u00e5ng historia som experting och branchen Oy Telpak Ab \u00e4r expert inom f\u00f6rpackningsbranschen och \u00e4r ett finskt, privat\u00e4gt f\u00f6retag med en historik som leder \u00e4nda<\/p>\n","protected":false},"author":1,"featured_media":5848,"parent":0,"menu_order":8,"comment_status":"closed","ping_status":"closed","template":"","meta":{"_acf_changed":false,"footnotes":""},"class_list":["post-1665","page","type-page","status-publish","has-post-thumbnail","hentry"],"acf":[],"yoast_head":"<!-- This site is optimized with the Yoast SEO plugin v27.5 - https:\/\/yoast.com\/product\/yoast-seo-wordpress\/ -->\n<title>F\u00f6retaget - Telpak<\/title>\n<meta name=\"robots\" content=\"index, follow, max-snippet:-1, max-image-preview:large, max-video-preview:-1\" \/>\n<link rel=\"canonical\" href=\"https:\/\/www.telpak.fi\/sv\/foretaget\/\" \/>\n<meta property=\"og:locale\" content=\"sv_SE\" \/>\n<meta property=\"og:type\" content=\"article\" \/>\n<meta property=\"og:title\" content=\"F\u00f6retaget - Telpak\" \/>\n<meta property=\"og:description\" content=\"L\u00e5ng historia som experting och branchen Oy Telpak Ab \u00e4r expert inom f\u00f6rpackningsbranschen och \u00e4r ett finskt, privat\u00e4gt f\u00f6retag med en historik som leder \u00e4nda\" \/>\n<meta property=\"og:url\" content=\"https:\/\/www.telpak.fi\/sv\/foretaget\/\" \/>\n<meta property=\"og:site_name\" content=\"Telpak\" \/>\n<meta property=\"article:modified_time\" content=\"2023-04-13T07:40:09+00:00\" \/>\n<meta property=\"og:image\" content=\"https:\/\/www.telpak.fi\/wp-content\/uploads\/2023\/03\/YritysHeader.jpg\" \/>\n\t<meta property=\"og:image:width\" content=\"1200\" \/>\n\t<meta property=\"og:image:height\" content=\"486\" \/>\n\t<meta property=\"og:image:type\" content=\"image\/jpeg\" \/>\n<meta name=\"twitter:card\" content=\"summary_large_image\" \/>\n<meta name=\"twitter:label1\" content=\"Ber\u00e4knad l\u00e4stid\" \/>\n\t<meta name=\"twitter:data1\" content=\"1 minut\" \/>\n<script type=\"application\/ld+json\" class=\"yoast-schema-graph\">{\"@context\":\"https:\\\/\\\/schema.org\",\"@graph\":[{\"@type\":\"WebPage\",\"@id\":\"https:\\\/\\\/www.telpak.fi\\\/sv\\\/foretaget\\\/\",\"url\":\"https:\\\/\\\/www.telpak.fi\\\/sv\\\/foretaget\\\/\",\"name\":\"F\u00f6retaget - Telpak\",\"isPartOf\":{\"@id\":\"https:\\\/\\\/www.telpak.fi\\\/#website\"},\"primaryImageOfPage\":{\"@id\":\"https:\\\/\\\/www.telpak.fi\\\/sv\\\/foretaget\\\/#primaryimage\"},\"image\":{\"@id\":\"https:\\\/\\\/www.telpak.fi\\\/sv\\\/foretaget\\\/#primaryimage\"},\"thumbnailUrl\":\"https:\\\/\\\/www.telpak.fi\\\/wp-content\\\/uploads\\\/2023\\\/03\\\/YritysHeader.jpg\",\"datePublished\":\"2015-06-03T08:24:19+00:00\",\"dateModified\":\"2023-04-13T07:40:09+00:00\",\"breadcrumb\":{\"@id\":\"https:\\\/\\\/www.telpak.fi\\\/sv\\\/foretaget\\\/#breadcrumb\"},\"inLanguage\":\"sv-SE\",\"potentialAction\":[{\"@type\":\"ReadAction\",\"target\":[\"https:\\\/\\\/www.telpak.fi\\\/sv\\\/foretaget\\\/\"]}]},{\"@type\":\"ImageObject\",\"inLanguage\":\"sv-SE\",\"@id\":\"https:\\\/\\\/www.telpak.fi\\\/sv\\\/foretaget\\\/#primaryimage\",\"url\":\"https:\\\/\\\/www.telpak.fi\\\/wp-content\\\/uploads\\\/2023\\\/03\\\/YritysHeader.jpg\",\"contentUrl\":\"https:\\\/\\\/www.telpak.fi\\\/wp-content\\\/uploads\\\/2023\\\/03\\\/YritysHeader.jpg\",\"width\":1200,\"height\":486},{\"@type\":\"BreadcrumbList\",\"@id\":\"https:\\\/\\\/www.telpak.fi\\\/sv\\\/foretaget\\\/#breadcrumb\",\"itemListElement\":[{\"@type\":\"ListItem\",\"position\":1,\"name\":\"Etusivu\",\"item\":\"https:\\\/\\\/www.telpak.fi\\\/sv\\\/\"},{\"@type\":\"ListItem\",\"position\":2,\"name\":\"F\u00f6retaget\"}]},{\"@type\":\"WebSite\",\"@id\":\"https:\\\/\\\/www.telpak.fi\\\/#website\",\"url\":\"https:\\\/\\\/www.telpak.fi\\\/\",\"name\":\"Telpak\",\"description\":\"Pienet asiat, suuri vaikutus\",\"publisher\":{\"@id\":\"https:\\\/\\\/www.telpak.fi\\\/#organization\"},\"potentialAction\":[{\"@type\":\"SearchAction\",\"target\":{\"@type\":\"EntryPoint\",\"urlTemplate\":\"https:\\\/\\\/www.telpak.fi\\\/?s={search_term_string}\"},\"query-input\":{\"@type\":\"PropertyValueSpecification\",\"valueRequired\":true,\"valueName\":\"search_term_string\"}}],\"inLanguage\":\"sv-SE\"},{\"@type\":\"Organization\",\"@id\":\"https:\\\/\\\/www.telpak.fi\\\/#organization\",\"name\":\"Telpak Oy\",\"url\":\"https:\\\/\\\/www.telpak.fi\\\/\",\"logo\":{\"@type\":\"ImageObject\",\"inLanguage\":\"sv-SE\",\"@id\":\"https:\\\/\\\/www.telpak.fi\\\/#\\\/schema\\\/logo\\\/image\\\/\",\"url\":\"https:\\\/\\\/www.telpak.fi\\\/wp-content\\\/uploads\\\/2016\\\/06\\\/testim-logo-telpak.png\",\"contentUrl\":\"https:\\\/\\\/www.telpak.fi\\\/wp-content\\\/uploads\\\/2016\\\/06\\\/testim-logo-telpak.png\",\"width\":167,\"height\":138,\"caption\":\"Telpak Oy\"},\"image\":{\"@id\":\"https:\\\/\\\/www.telpak.fi\\\/#\\\/schema\\\/logo\\\/image\\\/\"},\"sameAs\":[\"https:\\\/\\\/www.linkedin.com\\\/company\\\/oy-telpak-ab\",\"https:\\\/\\\/www.youtube.com\\\/channel\\\/UCxHYBsFKZOYL7U-3rzehx5w\"]}]}<\/script>\n<!-- \/ Yoast SEO plugin. -->","yoast_head_json":{"title":"F\u00f6retaget - Telpak","robots":{"index":"index","follow":"follow","max-snippet":"max-snippet:-1","max-image-preview":"max-image-preview:large","max-video-preview":"max-video-preview:-1"},"canonical":"https:\/\/www.telpak.fi\/sv\/foretaget\/","og_locale":"sv_SE","og_type":"article","og_title":"F\u00f6retaget - Telpak","og_description":"L\u00e5ng historia som experting och branchen Oy Telpak Ab \u00e4r expert inom f\u00f6rpackningsbranschen och \u00e4r ett finskt, privat\u00e4gt f\u00f6retag med en historik som leder \u00e4nda","og_url":"https:\/\/www.telpak.fi\/sv\/foretaget\/","og_site_name":"Telpak","article_modified_time":"2023-04-13T07:40:09+00:00","og_image":[{"width":1200,"height":486,"url":"https:\/\/www.telpak.fi\/wp-content\/uploads\/2023\/03\/YritysHeader.jpg","type":"image\/jpeg"}],"twitter_card":"summary_large_image","twitter_misc":{"Ber\u00e4knad l\u00e4stid":"1 minut"},"schema":{"@context":"https:\/\/schema.org","@graph":[{"@type":"WebPage","@id":"https:\/\/www.telpak.fi\/sv\/foretaget\/","url":"https:\/\/www.telpak.fi\/sv\/foretaget\/","name":"F\u00f6retaget - Telpak","isPartOf":{"@id":"https:\/\/www.telpak.fi\/#website"},"primaryImageOfPage":{"@id":"https:\/\/www.telpak.fi\/sv\/foretaget\/#primaryimage"},"image":{"@id":"https:\/\/www.telpak.fi\/sv\/foretaget\/#primaryimage"},"thumbnailUrl":"https:\/\/www.telpak.fi\/wp-content\/uploads\/2023\/03\/YritysHeader.jpg","datePublished":"2015-06-03T08:24:19+00:00","dateModified":"2023-04-13T07:40:09+00:00","breadcrumb":{"@id":"https:\/\/www.telpak.fi\/sv\/foretaget\/#breadcrumb"},"inLanguage":"sv-SE","potentialAction":[{"@type":"ReadAction","target":["https:\/\/www.telpak.fi\/sv\/foretaget\/"]}]},{"@type":"ImageObject","inLanguage":"sv-SE","@id":"https:\/\/www.telpak.fi\/sv\/foretaget\/#primaryimage","url":"https:\/\/www.telpak.fi\/wp-content\/uploads\/2023\/03\/YritysHeader.jpg","contentUrl":"https:\/\/www.telpak.fi\/wp-content\/uploads\/2023\/03\/YritysHeader.jpg","width":1200,"height":486},{"@type":"BreadcrumbList","@id":"https:\/\/www.telpak.fi\/sv\/foretaget\/#breadcrumb","itemListElement":[{"@type":"ListItem","position":1,"name":"Etusivu","item":"https:\/\/www.telpak.fi\/sv\/"},{"@type":"ListItem","position":2,"name":"F\u00f6retaget"}]},{"@type":"WebSite","@id":"https:\/\/www.telpak.fi\/#website","url":"https:\/\/www.telpak.fi\/","name":"Telpak","description":"Pienet asiat, suuri vaikutus","publisher":{"@id":"https:\/\/www.telpak.fi\/#organization"},"potentialAction":[{"@type":"SearchAction","target":{"@type":"EntryPoint","urlTemplate":"https:\/\/www.telpak.fi\/?s={search_term_string}"},"query-input":{"@type":"PropertyValueSpecification","valueRequired":true,"valueName":"search_term_string"}}],"inLanguage":"sv-SE"},{"@type":"Organization","@id":"https:\/\/www.telpak.fi\/#organization","name":"Telpak Oy","url":"https:\/\/www.telpak.fi\/","logo":{"@type":"ImageObject","inLanguage":"sv-SE","@id":"https:\/\/www.telpak.fi\/#\/schema\/logo\/image\/","url":"https:\/\/www.telpak.fi\/wp-content\/uploads\/2016\/06\/testim-logo-telpak.png","contentUrl":"https:\/\/www.telpak.fi\/wp-content\/uploads\/2016\/06\/testim-logo-telpak.png","width":167,"height":138,"caption":"Telpak Oy"},"image":{"@id":"https:\/\/www.telpak.fi\/#\/schema\/logo\/image\/"},"sameAs":["https:\/\/www.linkedin.com\/company\/oy-telpak-ab","https:\/\/www.youtube.com\/channel\/UCxHYBsFKZOYL7U-3rzehx5w"]}]}},"_links":{"self":[{"href":"https:\/\/www.telpak.fi\/sv\/wp-json\/wp\/v2\/pages\/1665","targetHints":{"allow":["GET"]}}],"collection":[{"href":"https:\/\/www.telpak.fi\/sv\/wp-json\/wp\/v2\/pages"}],"about":[{"href":"https:\/\/www.telpak.fi\/sv\/wp-json\/wp\/v2\/types\/page"}],"author":[{"embeddable":true,"href":"https:\/\/www.telpak.fi\/sv\/wp-json\/wp\/v2\/users\/1"}],"replies":[{"embeddable":true,"href":"https:\/\/www.telpak.fi\/sv\/wp-json\/wp\/v2\/comments?post=1665"}],"version-history":[{"count":8,"href":"https:\/\/www.telpak.fi\/sv\/wp-json\/wp\/v2\/pages\/1665\/revisions"}],"predecessor-version":[{"id":6118,"href":"https:\/\/www.telpak.fi\/sv\/wp-json\/wp\/v2\/pages\/1665\/revisions\/6118"}],"wp:featuredmedia":[{"embeddable":true,"href":"https:\/\/www.telpak.fi\/sv\/wp-json\/wp\/v2\/media\/5848"}],"wp:attachment":[{"href":"https:\/\/www.telpak.fi\/sv\/wp-json\/wp\/v2\/media?parent=1665"}],"curies":[{"name":"wp","href":"https:\/\/api.w.org\/{rel}","templated":true}]}}