{"id":1676,"date":"2015-06-03T11:24:12","date_gmt":"2015-06-03T08:24:12","guid":{"rendered":"http:\/\/www.telpak.fi\/sv\/tuotteet\/"},"modified":"2023-04-12T10:18:24","modified_gmt":"2023-04-12T07:18:24","slug":"produkter","status":"publish","type":"page","link":"https:\/\/www.telpak.fi\/sv\/produkter\/","title":{"rendered":"Produkter"},"content":{"rendered":"<p>D\u00e5 du packar har sm\u00e5 saker stor effekt. Med r\u00e4tt material kan du minska totalkostnaderna k\u00e4nnbart. Hos Telpak f\u00e5r du kvalitativa, m\u00e5ngsidiga produkter f\u00f6r paketering, skydd och f\u00e4stning. Vi f\u00f6retr\u00e4der branschens b\u00e4sta huvudm\u00e4n.<\/p>\n<h4><img loading=\"lazy\" decoding=\"async\" class=\"alignnone wp-image-3362 size-full\" src=\"https:\/\/www.telpak.fi\/wp-content\/uploads\/2022\/08\/VihreaValintaIkoni_XS.png\" alt=\"\" width=\"50\" height=\"50\" data-wp-editing=\"1\" \/>Det gr\u00f6na valet<\/h4>\n<p>I v\u00e5rt produktutbud finns en hel del produkter m\u00e4rkta med ett gr\u00f6nt bj\u00f6rkl\u00f6v\u00a0<img loading=\"lazy\" decoding=\"async\" class=\"alignnone wp-image-3362\" src=\"https:\/\/www.telpak.fi\/wp-content\/uploads\/2022\/08\/VihreaValintaIkoni_XS.png\" alt=\"\" width=\"30\" height=\"30\" \/>. Med detta m\u00e4rke indikerar vi alla de produkter som har en funktion som specifikt minskar utsl\u00e4ppen, \u00e4r \u00e5tervinningsbara, biologiskt nedbrytbara eller tillverkade av \u00e5tervunnet material.<\/p>\n<h4>I simningen<\/h4>\n<p>Vi f\u00f6ljer st\u00e4ndigt utvecklingen av f\u00f6rpackningsmaterial och str\u00e4var efter att hitta nya alternativa produkter vid sidan av de befintliga. I enlighet med v\u00e5rt f\u00f6retags motto tror vi att sm\u00e5 saker har stor inverkan \u00f6ver tid.<\/p>\n<p><strong>&#8211; SM\u00c5 SAKER, STOR INVERKAN &#8211;<\/strong><\/p>\n","protected":false},"excerpt":{"rendered":"<p>D\u00e5 du packar har sm\u00e5 saker stor effekt. Med r\u00e4tt material kan du minska totalkostnaderna k\u00e4nnbart. Hos Telpak f\u00e5r du kvalitativa, m\u00e5ngsidiga produkter f\u00f6r paketering,<\/p>\n","protected":false},"author":1,"featured_media":5737,"parent":0,"menu_order":5,"comment_status":"closed","ping_status":"closed","template":"page-products.php","meta":{"_acf_changed":false,"footnotes":""},"class_list":["post-1676","page","type-page","status-publish","has-post-thumbnail","hentry"],"acf":[],"yoast_head":"<!-- This site is optimized with the Yoast SEO plugin v27.5 - https:\/\/yoast.com\/product\/yoast-seo-wordpress\/ -->\n<title>Produkter - Telpak<\/title>\n<meta name=\"description\" content=\"Produkter\" \/>\n<meta name=\"robots\" content=\"index, follow, max-snippet:-1, max-image-preview:large, max-video-preview:-1\" \/>\n<link rel=\"canonical\" href=\"https:\/\/www.telpak.fi\/sv\/produkter\/\" \/>\n<meta property=\"og:locale\" content=\"sv_SE\" \/>\n<meta property=\"og:type\" content=\"article\" \/>\n<meta property=\"og:title\" content=\"Produkter - Telpak\" \/>\n<meta property=\"og:description\" content=\"Produkter\" \/>\n<meta property=\"og:url\" content=\"https:\/\/www.telpak.fi\/sv\/produkter\/\" \/>\n<meta property=\"og:site_name\" content=\"Telpak\" \/>\n<meta property=\"article:modified_time\" content=\"2023-04-12T07:18:24+00:00\" \/>\n<meta property=\"og:image\" content=\"https:\/\/www.telpak.fi\/wp-content\/uploads\/2023\/03\/NettiHeader.jpg\" \/>\n\t<meta property=\"og:image:width\" content=\"1200\" \/>\n\t<meta property=\"og:image:height\" content=\"500\" \/>\n\t<meta property=\"og:image:type\" content=\"image\/jpeg\" \/>\n<meta name=\"twitter:card\" content=\"summary_large_image\" \/>\n<meta name=\"twitter:label1\" content=\"Ber\u00e4knad l\u00e4stid\" \/>\n\t<meta name=\"twitter:data1\" content=\"2 minuter\" \/>\n<script type=\"application\/ld+json\" class=\"yoast-schema-graph\">{\"@context\":\"https:\\\/\\\/schema.org\",\"@graph\":[{\"@type\":\"WebPage\",\"@id\":\"https:\\\/\\\/www.telpak.fi\\\/sv\\\/produkter\\\/\",\"url\":\"https:\\\/\\\/www.telpak.fi\\\/sv\\\/produkter\\\/\",\"name\":\"Produkter - Telpak\",\"isPartOf\":{\"@id\":\"https:\\\/\\\/www.telpak.fi\\\/#website\"},\"primaryImageOfPage\":{\"@id\":\"https:\\\/\\\/www.telpak.fi\\\/sv\\\/produkter\\\/#primaryimage\"},\"image\":{\"@id\":\"https:\\\/\\\/www.telpak.fi\\\/sv\\\/produkter\\\/#primaryimage\"},\"thumbnailUrl\":\"https:\\\/\\\/www.telpak.fi\\\/wp-content\\\/uploads\\\/2023\\\/03\\\/NettiHeader.jpg\",\"datePublished\":\"2015-06-03T08:24:12+00:00\",\"dateModified\":\"2023-04-12T07:18:24+00:00\",\"description\":\"Produkter\",\"breadcrumb\":{\"@id\":\"https:\\\/\\\/www.telpak.fi\\\/sv\\\/produkter\\\/#breadcrumb\"},\"inLanguage\":\"sv-SE\",\"potentialAction\":[{\"@type\":\"ReadAction\",\"target\":[\"https:\\\/\\\/www.telpak.fi\\\/sv\\\/produkter\\\/\"]}]},{\"@type\":\"ImageObject\",\"inLanguage\":\"sv-SE\",\"@id\":\"https:\\\/\\\/www.telpak.fi\\\/sv\\\/produkter\\\/#primaryimage\",\"url\":\"https:\\\/\\\/www.telpak.fi\\\/wp-content\\\/uploads\\\/2023\\\/03\\\/NettiHeader.jpg\",\"contentUrl\":\"https:\\\/\\\/www.telpak.fi\\\/wp-content\\\/uploads\\\/2023\\\/03\\\/NettiHeader.jpg\",\"width\":1200,\"height\":500},{\"@type\":\"BreadcrumbList\",\"@id\":\"https:\\\/\\\/www.telpak.fi\\\/sv\\\/produkter\\\/#breadcrumb\",\"itemListElement\":[{\"@type\":\"ListItem\",\"position\":1,\"name\":\"Etusivu\",\"item\":\"https:\\\/\\\/www.telpak.fi\\\/sv\\\/\"},{\"@type\":\"ListItem\",\"position\":2,\"name\":\"Produkter\"}]},{\"@type\":\"WebSite\",\"@id\":\"https:\\\/\\\/www.telpak.fi\\\/#website\",\"url\":\"https:\\\/\\\/www.telpak.fi\\\/\",\"name\":\"Telpak\",\"description\":\"Pienet asiat, suuri vaikutus\",\"publisher\":{\"@id\":\"https:\\\/\\\/www.telpak.fi\\\/#organization\"},\"potentialAction\":[{\"@type\":\"SearchAction\",\"target\":{\"@type\":\"EntryPoint\",\"urlTemplate\":\"https:\\\/\\\/www.telpak.fi\\\/?s={search_term_string}\"},\"query-input\":{\"@type\":\"PropertyValueSpecification\",\"valueRequired\":true,\"valueName\":\"search_term_string\"}}],\"inLanguage\":\"sv-SE\"},{\"@type\":\"Organization\",\"@id\":\"https:\\\/\\\/www.telpak.fi\\\/#organization\",\"name\":\"Telpak Oy\",\"url\":\"https:\\\/\\\/www.telpak.fi\\\/\",\"logo\":{\"@type\":\"ImageObject\",\"inLanguage\":\"sv-SE\",\"@id\":\"https:\\\/\\\/www.telpak.fi\\\/#\\\/schema\\\/logo\\\/image\\\/\",\"url\":\"https:\\\/\\\/www.telpak.fi\\\/wp-content\\\/uploads\\\/2016\\\/06\\\/testim-logo-telpak.png\",\"contentUrl\":\"https:\\\/\\\/www.telpak.fi\\\/wp-content\\\/uploads\\\/2016\\\/06\\\/testim-logo-telpak.png\",\"width\":167,\"height\":138,\"caption\":\"Telpak Oy\"},\"image\":{\"@id\":\"https:\\\/\\\/www.telpak.fi\\\/#\\\/schema\\\/logo\\\/image\\\/\"},\"sameAs\":[\"https:\\\/\\\/www.linkedin.com\\\/company\\\/oy-telpak-ab\",\"https:\\\/\\\/www.youtube.com\\\/channel\\\/UCxHYBsFKZOYL7U-3rzehx5w\"]}]}<\/script>\n<!-- \/ Yoast SEO plugin. -->","yoast_head_json":{"title":"Produkter - Telpak","description":"Produkter","robots":{"index":"index","follow":"follow","max-snippet":"max-snippet:-1","max-image-preview":"max-image-preview:large","max-video-preview":"max-video-preview:-1"},"canonical":"https:\/\/www.telpak.fi\/sv\/produkter\/","og_locale":"sv_SE","og_type":"article","og_title":"Produkter - Telpak","og_description":"Produkter","og_url":"https:\/\/www.telpak.fi\/sv\/produkter\/","og_site_name":"Telpak","article_modified_time":"2023-04-12T07:18:24+00:00","og_image":[{"width":1200,"height":500,"url":"https:\/\/www.telpak.fi\/wp-content\/uploads\/2023\/03\/NettiHeader.jpg","type":"image\/jpeg"}],"twitter_card":"summary_large_image","twitter_misc":{"Ber\u00e4knad l\u00e4stid":"2 minuter"},"schema":{"@context":"https:\/\/schema.org","@graph":[{"@type":"WebPage","@id":"https:\/\/www.telpak.fi\/sv\/produkter\/","url":"https:\/\/www.telpak.fi\/sv\/produkter\/","name":"Produkter - Telpak","isPartOf":{"@id":"https:\/\/www.telpak.fi\/#website"},"primaryImageOfPage":{"@id":"https:\/\/www.telpak.fi\/sv\/produkter\/#primaryimage"},"image":{"@id":"https:\/\/www.telpak.fi\/sv\/produkter\/#primaryimage"},"thumbnailUrl":"https:\/\/www.telpak.fi\/wp-content\/uploads\/2023\/03\/NettiHeader.jpg","datePublished":"2015-06-03T08:24:12+00:00","dateModified":"2023-04-12T07:18:24+00:00","description":"Produkter","breadcrumb":{"@id":"https:\/\/www.telpak.fi\/sv\/produkter\/#breadcrumb"},"inLanguage":"sv-SE","potentialAction":[{"@type":"ReadAction","target":["https:\/\/www.telpak.fi\/sv\/produkter\/"]}]},{"@type":"ImageObject","inLanguage":"sv-SE","@id":"https:\/\/www.telpak.fi\/sv\/produkter\/#primaryimage","url":"https:\/\/www.telpak.fi\/wp-content\/uploads\/2023\/03\/NettiHeader.jpg","contentUrl":"https:\/\/www.telpak.fi\/wp-content\/uploads\/2023\/03\/NettiHeader.jpg","width":1200,"height":500},{"@type":"BreadcrumbList","@id":"https:\/\/www.telpak.fi\/sv\/produkter\/#breadcrumb","itemListElement":[{"@type":"ListItem","position":1,"name":"Etusivu","item":"https:\/\/www.telpak.fi\/sv\/"},{"@type":"ListItem","position":2,"name":"Produkter"}]},{"@type":"WebSite","@id":"https:\/\/www.telpak.fi\/#website","url":"https:\/\/www.telpak.fi\/","name":"Telpak","description":"Pienet asiat, suuri vaikutus","publisher":{"@id":"https:\/\/www.telpak.fi\/#organization"},"potentialAction":[{"@type":"SearchAction","target":{"@type":"EntryPoint","urlTemplate":"https:\/\/www.telpak.fi\/?s={search_term_string}"},"query-input":{"@type":"PropertyValueSpecification","valueRequired":true,"valueName":"search_term_string"}}],"inLanguage":"sv-SE"},{"@type":"Organization","@id":"https:\/\/www.telpak.fi\/#organization","name":"Telpak Oy","url":"https:\/\/www.telpak.fi\/","logo":{"@type":"ImageObject","inLanguage":"sv-SE","@id":"https:\/\/www.telpak.fi\/#\/schema\/logo\/image\/","url":"https:\/\/www.telpak.fi\/wp-content\/uploads\/2016\/06\/testim-logo-telpak.png","contentUrl":"https:\/\/www.telpak.fi\/wp-content\/uploads\/2016\/06\/testim-logo-telpak.png","width":167,"height":138,"caption":"Telpak Oy"},"image":{"@id":"https:\/\/www.telpak.fi\/#\/schema\/logo\/image\/"},"sameAs":["https:\/\/www.linkedin.com\/company\/oy-telpak-ab","https:\/\/www.youtube.com\/channel\/UCxHYBsFKZOYL7U-3rzehx5w"]}]}},"_links":{"self":[{"href":"https:\/\/www.telpak.fi\/sv\/wp-json\/wp\/v2\/pages\/1676","targetHints":{"allow":["GET"]}}],"collection":[{"href":"https:\/\/www.telpak.fi\/sv\/wp-json\/wp\/v2\/pages"}],"about":[{"href":"https:\/\/www.telpak.fi\/sv\/wp-json\/wp\/v2\/types\/page"}],"author":[{"embeddable":true,"href":"https:\/\/www.telpak.fi\/sv\/wp-json\/wp\/v2\/users\/1"}],"replies":[{"embeddable":true,"href":"https:\/\/www.telpak.fi\/sv\/wp-json\/wp\/v2\/comments?post=1676"}],"version-history":[{"count":6,"href":"https:\/\/www.telpak.fi\/sv\/wp-json\/wp\/v2\/pages\/1676\/revisions"}],"predecessor-version":[{"id":3535,"href":"https:\/\/www.telpak.fi\/sv\/wp-json\/wp\/v2\/pages\/1676\/revisions\/3535"}],"wp:featuredmedia":[{"embeddable":true,"href":"https:\/\/www.telpak.fi\/sv\/wp-json\/wp\/v2\/media\/5737"}],"wp:attachment":[{"href":"https:\/\/www.telpak.fi\/sv\/wp-json\/wp\/v2\/media?parent=1676"}],"curies":[{"name":"wp","href":"https:\/\/api.w.org\/{rel}","templated":true}]}}