{"id":2444,"date":"2018-05-03T14:01:18","date_gmt":"2018-05-03T11:01:18","guid":{"rendered":"http:\/\/www.telpak.fi\/?page_id=2444"},"modified":"2022-08-05T15:37:19","modified_gmt":"2022-08-05T12:37:19","slug":"tietosuojaseloste","status":"publish","type":"page","link":"https:\/\/www.telpak.fi\/sv\/tietosuojaseloste\/","title":{"rendered":"Tietosuojaseloste"},"content":{"rendered":"<h3 class=\"p1\">1. Rekisterinpit\u00e4j\u00e4<\/h3>\n<p class=\"p2\">Oy Telpak Ab<br \/>\nSinim\u00e4entie 10 A<br \/>\n02630 Espoo<br \/>\nY-tunnus: 2214501-6<\/p>\n<h3 class=\"p1\">2. Rekisteriasiat<\/h3>\n<p class=\"p2\">Asiakaspalvelumme vastaa viimeist\u00e4\u00e4n viiden arkip\u00e4iv\u00e4n kuluessa rekisteri\u00e4 koskeviin kysymyksiin ja palautteisiin. Palautteet ja kyselyt pyyd\u00e4mme l\u00e4hett\u00e4m\u00e4\u00e4n <a href=\"mai&#108;&#116;&#111;&#x3a;&#x47;&#x44;&#x50;&#x52;&#x40;tel&#112;&#97;&#107;&#46;&#x66;&#x69;\"><span class=\"s1\">GD&#80;&#82;&#64;&#x74;&#x65;&#x6c;&#x70;ak&#46;&#102;&#105;<\/span><\/a>.<\/p>\n<h3 class=\"p1\">3. TIETOSUOJAVASTAAVA<\/h3>\n<p class=\"p2\">Jon Sund\u00e9n, 040\u00a0746 5794, jo&#110;&#46;&#115;&#x75;&#x6e;&#x64;&#x65;n&#64;&#116;&#101;&#108;&#x70;&#x61;&#x6b;&#x2e;fi<\/p>\n<h3 class=\"p1\">4. Rekisterin nimi<\/h3>\n<p class=\"p2\">Oy Telpak Ab:n oma asiakasrekisteri.<\/p>\n<h3 class=\"p1\">5. Henkil\u00f6tietojen k\u00e4sittelyn tarkoitus<\/h3>\n<p class=\"p2\">K\u00e4sittelyn tarkoituksena on asiakassuhteen hoitaminen, asiakkaan ja Oy Telpak Ab:n oikeuksien ja velvollisuuksien toteuttaminen sek\u00e4 henkil\u00f6tietolain mukainen henkil\u00f6tietojen k\u00e4sittely verkkopalveluihin liittyviin tarkoituksiin, tutkimustoimintaan, Oy Telpak Ab:n ja\/tai sen yhteisty\u00f6kumppaneiden mainonnan ja\/tai suoramarkkinoinnin suuntaaminen asiakastietojen perusteella Oy Telpak Ab:n viestimien ja palvelujen kautta luovuttamatta henkil\u00f6tietoja ulkopuoliselle taholle.<\/p>\n<h3 class=\"p1\">6. Rekisterin tietosis\u00e4lt\u00f6<\/h3>\n<p class=\"p2\">Rekisteri voi sis\u00e4lt\u00e4\u00e4 seuraavan ryhmittelyn mukaiset tiedot asiakkaista:<br \/>\n\u2022 Nimi<br \/>\n\u2022 S\u00e4hk\u00f6postiosoite<br \/>\n\u2022 Matkapuhelinnumero<br \/>\n\u2022 Yritys ja asema<br \/>\n\u2022 Yrityksen osoitetiedot<\/p>\n<h3 class=\"p1\">7. Rekisterin s\u00e4\u00e4nn\u00f6nmukaiset tietol\u00e4hteet<\/h3>\n<p class=\"p2\">Rekisteri koostetaan Oy Telpak Ab:n asiakastietoj\u00e4rjestelm\u00e4st\u00e4. Henkil\u00f6tiedot ovat asiakastietoj\u00e4rjestelm\u00e4ss\u00e4 johtuen kaupallisesta tai muusta yhteisty\u00f6st\u00e4 Oy Telpak Ab:n kanssa. Poikkeuksista ilmoitamme erikseen uutiskirjeess\u00e4mme.<\/p>\n<h3 class=\"p1\">8. S\u00e4\u00e4nn\u00f6nmukaiset tietojen luovutukset<\/h3>\n<p class=\"p2\">Rekisterinpit\u00e4j\u00e4 ei luovuta Asiakkaiden henkil\u00f6tietoja ulkopuolisille, paitsi Suomen viranomaistoimien niin edellytt\u00e4ess\u00e4.<\/p>\n<h3 class=\"p1\">9. Tietojen poistaminen<\/h3>\n<p class=\"p2\">Tietoja voidaan poistaa Asiakkaan vaatimuksesta tai asiakassuhteen loppumisen vuoksi.<\/p>\n<h3 class=\"p1\">10. Rekisterin suojauksen periaatteet<\/h3>\n<p class=\"p2\">Henkil\u00f6tiedot s\u00e4ilytet\u00e4\u00e4n luottamuksellisina. Oy Telpak Ab:n tietoverkko ja laitteisto, jolla rekisteri sijaitsee, on suojattu palomuurilla ja muilla tarvittavilla teknisill\u00e4 toimenpiteill\u00e4.<\/p>\n<h3 class=\"p1\">11. Kielto-oikeus<\/h3>\n<p class=\"p2\">Asiakkaalla on oikeus kielt\u00e4\u00e4 tietojensa luovuttaminen ja k\u00e4sittely suoramainontaa ja muuta markkinointia varten.<\/p>\n<h2>Ev\u00e4steet<\/h2>\n<p>T\u00e4m\u00e4 sivusto k\u00e4ytt\u00e4\u00e4 ev\u00e4steit\u00e4 vierailijoiden laskemiseen ja vierailul\u00e4hteiden m\u00e4\u00e4ritt\u00e4miseen. Ne auttavat selvitt\u00e4m\u00e4\u00e4n mitk\u00e4 sivut kiinnostavat k\u00e4vij\u00f6it\u00e4 eniten ja miten k\u00e4vij\u00e4t liikkuvat sivuston sis\u00e4ll\u00e4.<\/p>\n<p>Google Analytics tarjoaa t\u00e4m\u00e4n sivuston seurantapalvelun. Ker\u00e4tty\u00e4 dataa ei jaeta muille osapuolille. Vierailutiedot ker\u00e4t\u00e4\u00e4n anonyymisti eik\u00e4 vierailijoita pyrit\u00e4 tunnistamaan.<\/p>\n","protected":false},"excerpt":{"rendered":"<p>1. Rekisterinpit\u00e4j\u00e4 Oy Telpak Ab Sinim\u00e4entie 10 A 02630 Espoo Y-tunnus: 2214501-6 2. Rekisteriasiat Asiakaspalvelumme vastaa viimeist\u00e4\u00e4n viiden arkip\u00e4iv\u00e4n kuluessa rekisteri\u00e4 koskeviin kysymyksiin ja palautteisiin.<\/p>\n","protected":false},"author":1,"featured_media":0,"parent":0,"menu_order":13,"comment_status":"closed","ping_status":"closed","template":"","meta":{"_acf_changed":false,"footnotes":""},"class_list":["post-2444","page","type-page","status-publish","hentry"],"acf":[],"yoast_head":"<!-- This site is optimized with the Yoast SEO plugin v27.5 - https:\/\/yoast.com\/product\/yoast-seo-wordpress\/ -->\n<title>Tietosuojaseloste - Telpak<\/title>\n<meta name=\"robots\" content=\"index, follow, max-snippet:-1, max-image-preview:large, max-video-preview:-1\" \/>\n<link rel=\"canonical\" href=\"https:\/\/www.telpak.fi\/tietosuojaseloste\/\" \/>\n<meta property=\"og:locale\" content=\"sv_SE\" \/>\n<meta property=\"og:type\" content=\"article\" \/>\n<meta property=\"og:title\" content=\"Tietosuojaseloste - Telpak\" \/>\n<meta property=\"og:description\" content=\"1. Rekisterinpit\u00e4j\u00e4 Oy Telpak Ab Sinim\u00e4entie 10 A 02630 Espoo Y-tunnus: 2214501-6 2. Rekisteriasiat Asiakaspalvelumme vastaa viimeist\u00e4\u00e4n viiden arkip\u00e4iv\u00e4n kuluessa rekisteri\u00e4 koskeviin kysymyksiin ja palautteisiin.\" \/>\n<meta property=\"og:url\" content=\"https:\/\/www.telpak.fi\/tietosuojaseloste\/\" \/>\n<meta property=\"og:site_name\" content=\"Telpak\" \/>\n<meta property=\"article:modified_time\" content=\"2022-08-05T12:37:19+00:00\" \/>\n<meta name=\"twitter:card\" content=\"summary_large_image\" \/>\n<meta name=\"twitter:label1\" content=\"Ber\u00e4knad l\u00e4stid\" \/>\n\t<meta name=\"twitter:data1\" content=\"2 minuter\" \/>\n<script type=\"application\/ld+json\" class=\"yoast-schema-graph\">{\"@context\":\"https:\\\/\\\/schema.org\",\"@graph\":[{\"@type\":\"WebPage\",\"@id\":\"https:\\\/\\\/www.telpak.fi\\\/tietosuojaseloste\\\/\",\"url\":\"https:\\\/\\\/www.telpak.fi\\\/tietosuojaseloste\\\/\",\"name\":\"Tietosuojaseloste - Telpak\",\"isPartOf\":{\"@id\":\"https:\\\/\\\/www.telpak.fi\\\/#website\"},\"datePublished\":\"2018-05-03T11:01:18+00:00\",\"dateModified\":\"2022-08-05T12:37:19+00:00\",\"breadcrumb\":{\"@id\":\"https:\\\/\\\/www.telpak.fi\\\/tietosuojaseloste\\\/#breadcrumb\"},\"inLanguage\":\"sv-SE\",\"potentialAction\":[{\"@type\":\"ReadAction\",\"target\":[\"https:\\\/\\\/www.telpak.fi\\\/tietosuojaseloste\\\/\"]}]},{\"@type\":\"BreadcrumbList\",\"@id\":\"https:\\\/\\\/www.telpak.fi\\\/tietosuojaseloste\\\/#breadcrumb\",\"itemListElement\":[{\"@type\":\"ListItem\",\"position\":1,\"name\":\"Etusivu\",\"item\":\"https:\\\/\\\/www.telpak.fi\\\/sv\\\/\"},{\"@type\":\"ListItem\",\"position\":2,\"name\":\"Tietosuojaseloste\"}]},{\"@type\":\"WebSite\",\"@id\":\"https:\\\/\\\/www.telpak.fi\\\/#website\",\"url\":\"https:\\\/\\\/www.telpak.fi\\\/\",\"name\":\"Telpak\",\"description\":\"Pienet asiat, suuri vaikutus\",\"publisher\":{\"@id\":\"https:\\\/\\\/www.telpak.fi\\\/#organization\"},\"potentialAction\":[{\"@type\":\"SearchAction\",\"target\":{\"@type\":\"EntryPoint\",\"urlTemplate\":\"https:\\\/\\\/www.telpak.fi\\\/?s={search_term_string}\"},\"query-input\":{\"@type\":\"PropertyValueSpecification\",\"valueRequired\":true,\"valueName\":\"search_term_string\"}}],\"inLanguage\":\"sv-SE\"},{\"@type\":\"Organization\",\"@id\":\"https:\\\/\\\/www.telpak.fi\\\/#organization\",\"name\":\"Telpak Oy\",\"url\":\"https:\\\/\\\/www.telpak.fi\\\/\",\"logo\":{\"@type\":\"ImageObject\",\"inLanguage\":\"sv-SE\",\"@id\":\"https:\\\/\\\/www.telpak.fi\\\/#\\\/schema\\\/logo\\\/image\\\/\",\"url\":\"https:\\\/\\\/www.telpak.fi\\\/wp-content\\\/uploads\\\/2016\\\/06\\\/testim-logo-telpak.png\",\"contentUrl\":\"https:\\\/\\\/www.telpak.fi\\\/wp-content\\\/uploads\\\/2016\\\/06\\\/testim-logo-telpak.png\",\"width\":167,\"height\":138,\"caption\":\"Telpak Oy\"},\"image\":{\"@id\":\"https:\\\/\\\/www.telpak.fi\\\/#\\\/schema\\\/logo\\\/image\\\/\"},\"sameAs\":[\"https:\\\/\\\/www.linkedin.com\\\/company\\\/oy-telpak-ab\",\"https:\\\/\\\/www.youtube.com\\\/channel\\\/UCxHYBsFKZOYL7U-3rzehx5w\"]}]}<\/script>\n<!-- \/ Yoast SEO plugin. -->","yoast_head_json":{"title":"Tietosuojaseloste - Telpak","robots":{"index":"index","follow":"follow","max-snippet":"max-snippet:-1","max-image-preview":"max-image-preview:large","max-video-preview":"max-video-preview:-1"},"canonical":"https:\/\/www.telpak.fi\/tietosuojaseloste\/","og_locale":"sv_SE","og_type":"article","og_title":"Tietosuojaseloste - Telpak","og_description":"1. Rekisterinpit\u00e4j\u00e4 Oy Telpak Ab Sinim\u00e4entie 10 A 02630 Espoo Y-tunnus: 2214501-6 2. Rekisteriasiat Asiakaspalvelumme vastaa viimeist\u00e4\u00e4n viiden arkip\u00e4iv\u00e4n kuluessa rekisteri\u00e4 koskeviin kysymyksiin ja palautteisiin.","og_url":"https:\/\/www.telpak.fi\/tietosuojaseloste\/","og_site_name":"Telpak","article_modified_time":"2022-08-05T12:37:19+00:00","twitter_card":"summary_large_image","twitter_misc":{"Ber\u00e4knad l\u00e4stid":"2 minuter"},"schema":{"@context":"https:\/\/schema.org","@graph":[{"@type":"WebPage","@id":"https:\/\/www.telpak.fi\/tietosuojaseloste\/","url":"https:\/\/www.telpak.fi\/tietosuojaseloste\/","name":"Tietosuojaseloste - Telpak","isPartOf":{"@id":"https:\/\/www.telpak.fi\/#website"},"datePublished":"2018-05-03T11:01:18+00:00","dateModified":"2022-08-05T12:37:19+00:00","breadcrumb":{"@id":"https:\/\/www.telpak.fi\/tietosuojaseloste\/#breadcrumb"},"inLanguage":"sv-SE","potentialAction":[{"@type":"ReadAction","target":["https:\/\/www.telpak.fi\/tietosuojaseloste\/"]}]},{"@type":"BreadcrumbList","@id":"https:\/\/www.telpak.fi\/tietosuojaseloste\/#breadcrumb","itemListElement":[{"@type":"ListItem","position":1,"name":"Etusivu","item":"https:\/\/www.telpak.fi\/sv\/"},{"@type":"ListItem","position":2,"name":"Tietosuojaseloste"}]},{"@type":"WebSite","@id":"https:\/\/www.telpak.fi\/#website","url":"https:\/\/www.telpak.fi\/","name":"Telpak","description":"Pienet asiat, suuri vaikutus","publisher":{"@id":"https:\/\/www.telpak.fi\/#organization"},"potentialAction":[{"@type":"SearchAction","target":{"@type":"EntryPoint","urlTemplate":"https:\/\/www.telpak.fi\/?s={search_term_string}"},"query-input":{"@type":"PropertyValueSpecification","valueRequired":true,"valueName":"search_term_string"}}],"inLanguage":"sv-SE"},{"@type":"Organization","@id":"https:\/\/www.telpak.fi\/#organization","name":"Telpak Oy","url":"https:\/\/www.telpak.fi\/","logo":{"@type":"ImageObject","inLanguage":"sv-SE","@id":"https:\/\/www.telpak.fi\/#\/schema\/logo\/image\/","url":"https:\/\/www.telpak.fi\/wp-content\/uploads\/2016\/06\/testim-logo-telpak.png","contentUrl":"https:\/\/www.telpak.fi\/wp-content\/uploads\/2016\/06\/testim-logo-telpak.png","width":167,"height":138,"caption":"Telpak Oy"},"image":{"@id":"https:\/\/www.telpak.fi\/#\/schema\/logo\/image\/"},"sameAs":["https:\/\/www.linkedin.com\/company\/oy-telpak-ab","https:\/\/www.youtube.com\/channel\/UCxHYBsFKZOYL7U-3rzehx5w"]}]}},"_links":{"self":[{"href":"https:\/\/www.telpak.fi\/sv\/wp-json\/wp\/v2\/pages\/2444","targetHints":{"allow":["GET"]}}],"collection":[{"href":"https:\/\/www.telpak.fi\/sv\/wp-json\/wp\/v2\/pages"}],"about":[{"href":"https:\/\/www.telpak.fi\/sv\/wp-json\/wp\/v2\/types\/page"}],"author":[{"embeddable":true,"href":"https:\/\/www.telpak.fi\/sv\/wp-json\/wp\/v2\/users\/1"}],"replies":[{"embeddable":true,"href":"https:\/\/www.telpak.fi\/sv\/wp-json\/wp\/v2\/comments?post=2444"}],"version-history":[{"count":7,"href":"https:\/\/www.telpak.fi\/sv\/wp-json\/wp\/v2\/pages\/2444\/revisions"}],"predecessor-version":[{"id":3263,"href":"https:\/\/www.telpak.fi\/sv\/wp-json\/wp\/v2\/pages\/2444\/revisions\/3263"}],"wp:attachment":[{"href":"https:\/\/www.telpak.fi\/sv\/wp-json\/wp\/v2\/media?parent=2444"}],"curies":[{"name":"wp","href":"https:\/\/api.w.org\/{rel}","templated":true}]}}