{"id":4452,"date":"2022-11-16T16:19:06","date_gmt":"2022-11-16T14:19:06","guid":{"rendered":"https:\/\/www.telpak.fi\/?page_id=4452"},"modified":"2022-11-16T16:45:55","modified_gmt":"2022-11-16T14:45:55","slug":"telpak-maalarinteipit-pro","status":"publish","type":"page","link":"https:\/\/www.telpak.fi\/sv\/telpak-maalarinteipit-pro\/","title":{"rendered":"TELPAK-Maalarinteipit PRO"},"content":{"rendered":"<p><strong>TELPAK PRO<\/strong> &#8211; Laadukas maalarinteippi yleisk\u00e4ytt\u00f6\u00f6n sis\u00e4lle &#8211; 6143<\/p>\n<table style=\"border-collapse: collapse;\">\n<tbody>\n<tr>\n<td style=\"width: 30.4491%; text-align: left; vertical-align: top;\"><a href=\"https:\/\/www.telpak.fi\/wp-content\/uploads\/2022\/11\/20221116_155938_s.png\"><img loading=\"lazy\" decoding=\"async\" class=\"alignnone wp-image-4453 size-thumbnail\" src=\"https:\/\/www.telpak.fi\/wp-content\/uploads\/2022\/11\/20221116_155938_s-150x150.png\" alt=\"TELPAK PRO Maalarinteipit\" width=\"150\" height=\"150\" srcset=\"https:\/\/www.telpak.fi\/wp-content\/uploads\/2022\/11\/20221116_155938_s-150x150.png 150w, https:\/\/www.telpak.fi\/wp-content\/uploads\/2022\/11\/20221116_155938_s-300x300.png 300w, https:\/\/www.telpak.fi\/wp-content\/uploads\/2022\/11\/20221116_155938_s-100x100.png 100w, https:\/\/www.telpak.fi\/wp-content\/uploads\/2022\/11\/20221116_155938_s.png 591w\" sizes=\"auto, (max-width: 150px) 100vw, 150px\" \/><\/a><\/td>\n<td style=\"width: 69.4414%; text-align: left; vertical-align: top;\">Yksipuolinen paperiteippi, jota suositellaan kaikkiin rakennus, maalaus ja koristet\u00f6ihin rakennusalalla ja teollisuudessa. Eritt\u00e4in hyv\u00e4 tarttuvuus ep\u00e4tasaiseen pintaan.Sopii k\u00e4ytett\u00e4v\u00e4ksi useimpien maalien ja lakkojen kanssa.<br \/>\nHelppo irrottaa ilman liimaj\u00e4lki\u00e4. Irtoaa p\u00e4\u00e4s\u00e4\u00e4nt\u00f6isesti repe\u00e4m\u00e4tt\u00e4.<br \/>\nKatkaistavissa k\u00e4sin. K\u00e4ytet\u00e4\u00e4n huoneenl\u00e4mm\u00f6ss\u00e4.<\/td>\n<\/tr>\n<tr>\n<td style=\"width: 30.4491%; text-align: left; vertical-align: top;\"><strong>Rullakoot:<\/strong><br \/>\n19 mm x 50 m<br \/>\n25 mm x 50 m<br \/>\n38 mm x 50 m<br \/>\n50 mm x 50 m<\/td>\n<td style=\"width: 69.4414%; text-align: left; vertical-align: top;\"><strong>Materiaali:<\/strong> 58 g\/m\u00b2 kreppipaperi, valkoinen<br \/>\n<strong>Liima:<\/strong> Liuotinpohjainen luonnonkumiliima<br \/>\n<strong>Kokonaisvahvuus:<\/strong> 120\u00b5<br \/>\n<strong>Vetolujuus:<\/strong> 85 N\/25mm<br \/>\n<strong style=\"font-family: inherit; font-size: inherit;\">Venym\u00e4:<\/strong><span style=\"font-family: inherit; font-size: inherit;\"> 7.5%<br \/>\n<\/span><strong style=\"font-family: inherit; font-size: inherit;\">L\u00e4mm\u00f6nkest\u00e4vyys:<\/strong><span style=\"font-family: inherit; font-size: inherit;\"> 60\u00b0C (30 min)<br \/>\n<\/span><strong style=\"font-family: inherit; font-size: inherit;\">Poistetaan pinnalta:<\/strong><span style=\"font-family: inherit; font-size: inherit;\"> 36 h kuluessa<\/span><\/td>\n<\/tr>\n<tr>\n<td style=\"width: 30.4491%; text-align: left; vertical-align: top;\"><\/td>\n<td style=\"width: 69.4414%; text-align: left; vertical-align: top;\"><\/td>\n<\/tr>\n<\/tbody>\n<\/table>\n<p>&nbsp;<\/p>\n<p>&nbsp;<\/p>\n","protected":false},"excerpt":{"rendered":"<p>TELPAK PRO &#8211; Laadukas maalarinteippi yleisk\u00e4ytt\u00f6\u00f6n sis\u00e4lle &#8211; 6143 Yksipuolinen paperiteippi, jota suositellaan kaikkiin rakennus, maalaus ja koristet\u00f6ihin rakennusalalla ja teollisuudessa. Eritt\u00e4in hyv\u00e4 tarttuvuus ep\u00e4tasaiseen<\/p>\n","protected":false},"author":7,"featured_media":0,"parent":0,"menu_order":0,"comment_status":"closed","ping_status":"closed","template":"","meta":{"_acf_changed":false,"footnotes":""},"class_list":["post-4452","page","type-page","status-publish","hentry"],"acf":[],"yoast_head":"<!-- This site is optimized with the Yoast SEO plugin v27.5 - https:\/\/yoast.com\/product\/yoast-seo-wordpress\/ -->\n<title>TELPAK-Maalarinteipit PRO - Telpak<\/title>\n<meta name=\"robots\" content=\"index, follow, max-snippet:-1, max-image-preview:large, max-video-preview:-1\" \/>\n<link rel=\"canonical\" href=\"https:\/\/www.telpak.fi\/telpak-maalarinteipit-pro\/\" \/>\n<meta property=\"og:locale\" content=\"sv_SE\" \/>\n<meta property=\"og:type\" content=\"article\" \/>\n<meta property=\"og:title\" content=\"TELPAK-Maalarinteipit PRO - Telpak\" \/>\n<meta property=\"og:description\" content=\"TELPAK PRO &#8211; Laadukas maalarinteippi yleisk\u00e4ytt\u00f6\u00f6n sis\u00e4lle &#8211; 6143 Yksipuolinen paperiteippi, jota suositellaan kaikkiin rakennus, maalaus ja koristet\u00f6ihin rakennusalalla ja teollisuudessa. Eritt\u00e4in hyv\u00e4 tarttuvuus ep\u00e4tasaiseen\" \/>\n<meta property=\"og:url\" content=\"https:\/\/www.telpak.fi\/telpak-maalarinteipit-pro\/\" \/>\n<meta property=\"og:site_name\" content=\"Telpak\" \/>\n<meta property=\"article:modified_time\" content=\"2022-11-16T14:45:55+00:00\" \/>\n<meta property=\"og:image\" content=\"https:\/\/www.telpak.fi\/wp-content\/uploads\/2022\/11\/20221116_155938_s-150x150.png\" \/>\n<meta name=\"twitter:card\" content=\"summary_large_image\" \/>\n<meta name=\"twitter:label1\" content=\"Ber\u00e4knad l\u00e4stid\" \/>\n\t<meta name=\"twitter:data1\" content=\"1 minut\" \/>\n<script type=\"application\/ld+json\" class=\"yoast-schema-graph\">{\"@context\":\"https:\\\/\\\/schema.org\",\"@graph\":[{\"@type\":\"WebPage\",\"@id\":\"https:\\\/\\\/www.telpak.fi\\\/telpak-maalarinteipit-pro\\\/\",\"url\":\"https:\\\/\\\/www.telpak.fi\\\/telpak-maalarinteipit-pro\\\/\",\"name\":\"TELPAK-Maalarinteipit PRO - Telpak\",\"isPartOf\":{\"@id\":\"https:\\\/\\\/www.telpak.fi\\\/#website\"},\"primaryImageOfPage\":{\"@id\":\"https:\\\/\\\/www.telpak.fi\\\/telpak-maalarinteipit-pro\\\/#primaryimage\"},\"image\":{\"@id\":\"https:\\\/\\\/www.telpak.fi\\\/telpak-maalarinteipit-pro\\\/#primaryimage\"},\"thumbnailUrl\":\"https:\\\/\\\/www.telpak.fi\\\/wp-content\\\/uploads\\\/2022\\\/11\\\/20221116_155938_s-150x150.png\",\"datePublished\":\"2022-11-16T14:19:06+00:00\",\"dateModified\":\"2022-11-16T14:45:55+00:00\",\"breadcrumb\":{\"@id\":\"https:\\\/\\\/www.telpak.fi\\\/telpak-maalarinteipit-pro\\\/#breadcrumb\"},\"inLanguage\":\"sv-SE\",\"potentialAction\":[{\"@type\":\"ReadAction\",\"target\":[\"https:\\\/\\\/www.telpak.fi\\\/telpak-maalarinteipit-pro\\\/\"]}]},{\"@type\":\"ImageObject\",\"inLanguage\":\"sv-SE\",\"@id\":\"https:\\\/\\\/www.telpak.fi\\\/telpak-maalarinteipit-pro\\\/#primaryimage\",\"url\":\"https:\\\/\\\/www.telpak.fi\\\/wp-content\\\/uploads\\\/2022\\\/11\\\/20221116_155938_s-150x150.png\",\"contentUrl\":\"https:\\\/\\\/www.telpak.fi\\\/wp-content\\\/uploads\\\/2022\\\/11\\\/20221116_155938_s-150x150.png\"},{\"@type\":\"BreadcrumbList\",\"@id\":\"https:\\\/\\\/www.telpak.fi\\\/telpak-maalarinteipit-pro\\\/#breadcrumb\",\"itemListElement\":[{\"@type\":\"ListItem\",\"position\":1,\"name\":\"Etusivu\",\"item\":\"https:\\\/\\\/www.telpak.fi\\\/sv\\\/\"},{\"@type\":\"ListItem\",\"position\":2,\"name\":\"TELPAK-Maalarinteipit PRO\"}]},{\"@type\":\"WebSite\",\"@id\":\"https:\\\/\\\/www.telpak.fi\\\/#website\",\"url\":\"https:\\\/\\\/www.telpak.fi\\\/\",\"name\":\"Telpak\",\"description\":\"Pienet asiat, suuri vaikutus\",\"publisher\":{\"@id\":\"https:\\\/\\\/www.telpak.fi\\\/#organization\"},\"potentialAction\":[{\"@type\":\"SearchAction\",\"target\":{\"@type\":\"EntryPoint\",\"urlTemplate\":\"https:\\\/\\\/www.telpak.fi\\\/?s={search_term_string}\"},\"query-input\":{\"@type\":\"PropertyValueSpecification\",\"valueRequired\":true,\"valueName\":\"search_term_string\"}}],\"inLanguage\":\"sv-SE\"},{\"@type\":\"Organization\",\"@id\":\"https:\\\/\\\/www.telpak.fi\\\/#organization\",\"name\":\"Telpak Oy\",\"url\":\"https:\\\/\\\/www.telpak.fi\\\/\",\"logo\":{\"@type\":\"ImageObject\",\"inLanguage\":\"sv-SE\",\"@id\":\"https:\\\/\\\/www.telpak.fi\\\/#\\\/schema\\\/logo\\\/image\\\/\",\"url\":\"https:\\\/\\\/www.telpak.fi\\\/wp-content\\\/uploads\\\/2016\\\/06\\\/testim-logo-telpak.png\",\"contentUrl\":\"https:\\\/\\\/www.telpak.fi\\\/wp-content\\\/uploads\\\/2016\\\/06\\\/testim-logo-telpak.png\",\"width\":167,\"height\":138,\"caption\":\"Telpak Oy\"},\"image\":{\"@id\":\"https:\\\/\\\/www.telpak.fi\\\/#\\\/schema\\\/logo\\\/image\\\/\"},\"sameAs\":[\"https:\\\/\\\/www.linkedin.com\\\/company\\\/oy-telpak-ab\",\"https:\\\/\\\/www.youtube.com\\\/channel\\\/UCxHYBsFKZOYL7U-3rzehx5w\"]}]}<\/script>\n<!-- \/ Yoast SEO plugin. -->","yoast_head_json":{"title":"TELPAK-Maalarinteipit PRO - Telpak","robots":{"index":"index","follow":"follow","max-snippet":"max-snippet:-1","max-image-preview":"max-image-preview:large","max-video-preview":"max-video-preview:-1"},"canonical":"https:\/\/www.telpak.fi\/telpak-maalarinteipit-pro\/","og_locale":"sv_SE","og_type":"article","og_title":"TELPAK-Maalarinteipit PRO - Telpak","og_description":"TELPAK PRO &#8211; Laadukas maalarinteippi yleisk\u00e4ytt\u00f6\u00f6n sis\u00e4lle &#8211; 6143 Yksipuolinen paperiteippi, jota suositellaan kaikkiin rakennus, maalaus ja koristet\u00f6ihin rakennusalalla ja teollisuudessa. Eritt\u00e4in hyv\u00e4 tarttuvuus ep\u00e4tasaiseen","og_url":"https:\/\/www.telpak.fi\/telpak-maalarinteipit-pro\/","og_site_name":"Telpak","article_modified_time":"2022-11-16T14:45:55+00:00","og_image":[{"url":"https:\/\/www.telpak.fi\/wp-content\/uploads\/2022\/11\/20221116_155938_s-150x150.png","type":"","width":"","height":""}],"twitter_card":"summary_large_image","twitter_misc":{"Ber\u00e4knad l\u00e4stid":"1 minut"},"schema":{"@context":"https:\/\/schema.org","@graph":[{"@type":"WebPage","@id":"https:\/\/www.telpak.fi\/telpak-maalarinteipit-pro\/","url":"https:\/\/www.telpak.fi\/telpak-maalarinteipit-pro\/","name":"TELPAK-Maalarinteipit PRO - Telpak","isPartOf":{"@id":"https:\/\/www.telpak.fi\/#website"},"primaryImageOfPage":{"@id":"https:\/\/www.telpak.fi\/telpak-maalarinteipit-pro\/#primaryimage"},"image":{"@id":"https:\/\/www.telpak.fi\/telpak-maalarinteipit-pro\/#primaryimage"},"thumbnailUrl":"https:\/\/www.telpak.fi\/wp-content\/uploads\/2022\/11\/20221116_155938_s-150x150.png","datePublished":"2022-11-16T14:19:06+00:00","dateModified":"2022-11-16T14:45:55+00:00","breadcrumb":{"@id":"https:\/\/www.telpak.fi\/telpak-maalarinteipit-pro\/#breadcrumb"},"inLanguage":"sv-SE","potentialAction":[{"@type":"ReadAction","target":["https:\/\/www.telpak.fi\/telpak-maalarinteipit-pro\/"]}]},{"@type":"ImageObject","inLanguage":"sv-SE","@id":"https:\/\/www.telpak.fi\/telpak-maalarinteipit-pro\/#primaryimage","url":"https:\/\/www.telpak.fi\/wp-content\/uploads\/2022\/11\/20221116_155938_s-150x150.png","contentUrl":"https:\/\/www.telpak.fi\/wp-content\/uploads\/2022\/11\/20221116_155938_s-150x150.png"},{"@type":"BreadcrumbList","@id":"https:\/\/www.telpak.fi\/telpak-maalarinteipit-pro\/#breadcrumb","itemListElement":[{"@type":"ListItem","position":1,"name":"Etusivu","item":"https:\/\/www.telpak.fi\/sv\/"},{"@type":"ListItem","position":2,"name":"TELPAK-Maalarinteipit PRO"}]},{"@type":"WebSite","@id":"https:\/\/www.telpak.fi\/#website","url":"https:\/\/www.telpak.fi\/","name":"Telpak","description":"Pienet asiat, suuri vaikutus","publisher":{"@id":"https:\/\/www.telpak.fi\/#organization"},"potentialAction":[{"@type":"SearchAction","target":{"@type":"EntryPoint","urlTemplate":"https:\/\/www.telpak.fi\/?s={search_term_string}"},"query-input":{"@type":"PropertyValueSpecification","valueRequired":true,"valueName":"search_term_string"}}],"inLanguage":"sv-SE"},{"@type":"Organization","@id":"https:\/\/www.telpak.fi\/#organization","name":"Telpak Oy","url":"https:\/\/www.telpak.fi\/","logo":{"@type":"ImageObject","inLanguage":"sv-SE","@id":"https:\/\/www.telpak.fi\/#\/schema\/logo\/image\/","url":"https:\/\/www.telpak.fi\/wp-content\/uploads\/2016\/06\/testim-logo-telpak.png","contentUrl":"https:\/\/www.telpak.fi\/wp-content\/uploads\/2016\/06\/testim-logo-telpak.png","width":167,"height":138,"caption":"Telpak Oy"},"image":{"@id":"https:\/\/www.telpak.fi\/#\/schema\/logo\/image\/"},"sameAs":["https:\/\/www.linkedin.com\/company\/oy-telpak-ab","https:\/\/www.youtube.com\/channel\/UCxHYBsFKZOYL7U-3rzehx5w"]}]}},"_links":{"self":[{"href":"https:\/\/www.telpak.fi\/sv\/wp-json\/wp\/v2\/pages\/4452","targetHints":{"allow":["GET"]}}],"collection":[{"href":"https:\/\/www.telpak.fi\/sv\/wp-json\/wp\/v2\/pages"}],"about":[{"href":"https:\/\/www.telpak.fi\/sv\/wp-json\/wp\/v2\/types\/page"}],"author":[{"embeddable":true,"href":"https:\/\/www.telpak.fi\/sv\/wp-json\/wp\/v2\/users\/7"}],"replies":[{"embeddable":true,"href":"https:\/\/www.telpak.fi\/sv\/wp-json\/wp\/v2\/comments?post=4452"}],"version-history":[{"count":14,"href":"https:\/\/www.telpak.fi\/sv\/wp-json\/wp\/v2\/pages\/4452\/revisions"}],"predecessor-version":[{"id":4469,"href":"https:\/\/www.telpak.fi\/sv\/wp-json\/wp\/v2\/pages\/4452\/revisions\/4469"}],"wp:attachment":[{"href":"https:\/\/www.telpak.fi\/sv\/wp-json\/wp\/v2\/media?parent=4452"}],"curies":[{"name":"wp","href":"https:\/\/api.w.org\/{rel}","templated":true}]}}