{"id":5459,"date":"2023-03-28T12:18:42","date_gmt":"2023-03-28T09:18:42","guid":{"rendered":"https:\/\/www.telpak.fi\/?page_id=5459"},"modified":"2025-05-16T16:05:16","modified_gmt":"2025-05-16T13:05:16","slug":"supplier-carrier-info","status":"publish","type":"page","link":"https:\/\/www.telpak.fi\/sv\/supplier-carrier-info\/","title":{"rendered":"Supplier\/Carrier INFO"},"content":{"rendered":"<p><strong>Dear Supplier\/Carrier,<\/strong><\/p>\n<p>To avoid waiting times for unloading in our warehouse in Tuusula, we have an unloading time slot reservation system in use. For all shipments for 10 or more pallets, we request you to reserve a slot for unloading. The reservation needs to be made for a minimum of 24 hours prior to arrival. The reservation is indicative, and with it your unloading is prioritized, and unnecessary waiting is avoided.<\/p>\n<p>Reservation system is available at:\u00a0 <a href=\"https:\/\/eur01.safelinks.protection.outlook.com\/?url=https%3A%2F%2Furlsand.esvalabs.com%2F%3Fu%3Dhttps%253A%252F%252Fslotti.fi%252Fbooking%252Ftelpakoycologitrioy%252F%2523%252F%26e%3D634a26bb%26h%3Dc588aeb5%26f%3Dy%26p%3Dy&amp;data=05%7C01%7C%7C486b3aef94a54697b80708db2f56d333%7Cd108f30fae59497ba8c39856729cb856%7C0%7C0%7C638155822167714649%7CUnknown%7CTWFpbGZsb3d8eyJWIjoiMC4wLjAwMDAiLCJQIjoiV2luMzIiLCJBTiI6Ik1haWwiLCJXVCI6Mn0%3D%7C3000%7C%7C%7C&amp;sdata=R9QFqwc6aneDQ%2FUB2APA9v%2FAEBlIj80PZz8F%2FElO%2Ftg%3D&amp;reserved=0\" target=\"_blank\" rel=\"noopener\">https:\/\/slotti.fi\/booking\/telpakoycologitrioy\/#\/<\/a><\/p>\n<p><strong>Address:<\/strong><\/p>\n<p>LOGITRI<br \/>\nH\u00f6gbergintie 5, DOORS 55-58<br \/>\nDriving through H\u00f6gberginhaara 10.<br \/>\n04360 Tuusula<\/p>\n<p>&#8212;&#8212;&#8212;&#8212;&#8212;&#8212;&#8212;&#8212;&#8212;&#8212;&#8212;&#8212;&#8212;&#8212;&#8212;&#8212;&#8212;&#8212;&#8212;&#8212;&#8212;&#8212;&#8212;&#8212;&#8212;&#8212;&#8212;&#8212;&#8212;&#8212;&#8212;<\/p>\n<p><strong>Hyv\u00e4 tavarantoimittaja,<\/strong><\/p>\n<p>V\u00e4ltt\u00e4\u00e4ksemme purkamisen odotusaikoja Tuusulan varastossamme, pyyd\u00e4mme teit\u00e4 varaamaan purkuajan kaikille 10 tai useamman kuormalavan l\u00e4hetyksille. Varaus tulee tehd\u00e4 v\u00e4hint\u00e4\u00e4n 24 tuntia ennen saapumista. Varaus on suuntaa antava, ja sen my\u00f6t\u00e4 kuorman purku optimoidaan ja turha odottelu v\u00e4ltet\u00e4\u00e4n.<\/p>\n<p>Varausj\u00e4rjestelm\u00e4 on saatavilla osoitteessa:\u00a0<a href=\"https:\/\/slotti.fi\/booking\/telpakoycologitrioy\/#\/\" target=\"_blank\" rel=\"noopener\">https:\/\/slotti.fi\/booking\/telpakoycologitrioy\/#\/<\/a><\/p>\n<p><strong>Osoite:<\/strong><\/p>\n<p>LOGITRI<br \/>\nH\u00f6gbergintie 5, OVET 55-58<br \/>\nAjo H\u00f6gberginhaara 10. kautta<br \/>\n04360 Tuusula<\/p>\n","protected":false},"excerpt":{"rendered":"<p>Dear Supplier\/Carrier, To avoid waiting times for unloading in our warehouse in Tuusula, we have an unloading time slot reservation system in use. For all<\/p>\n","protected":false},"author":7,"featured_media":5732,"parent":0,"menu_order":0,"comment_status":"closed","ping_status":"closed","template":"","meta":{"_acf_changed":false,"footnotes":""},"class_list":["post-5459","page","type-page","status-publish","has-post-thumbnail","hentry"],"acf":[],"yoast_head":"<!-- This site is optimized with the Yoast SEO plugin v27.5 - https:\/\/yoast.com\/product\/yoast-seo-wordpress\/ -->\n<title>Supplier\/Carrier INFO - Telpak<\/title>\n<meta name=\"robots\" content=\"index, follow, max-snippet:-1, max-image-preview:large, max-video-preview:-1\" \/>\n<link rel=\"canonical\" href=\"https:\/\/www.telpak.fi\/supplier-carrier-info\/\" \/>\n<meta property=\"og:locale\" content=\"sv_SE\" \/>\n<meta property=\"og:type\" content=\"article\" \/>\n<meta property=\"og:title\" content=\"Supplier\/Carrier INFO - Telpak\" \/>\n<meta property=\"og:description\" content=\"Dear Supplier\/Carrier, To avoid waiting times for unloading in our warehouse in Tuusula, we have an unloading time slot reservation system in use. For all\" \/>\n<meta property=\"og:url\" content=\"https:\/\/www.telpak.fi\/supplier-carrier-info\/\" \/>\n<meta property=\"og:site_name\" content=\"Telpak\" \/>\n<meta property=\"article:modified_time\" content=\"2025-05-16T13:05:16+00:00\" \/>\n<meta property=\"og:image\" content=\"https:\/\/www.telpak.fi\/wp-content\/uploads\/2023\/03\/NettiEtusivuHeader-1.jpg\" \/>\n\t<meta property=\"og:image:width\" content=\"1200\" \/>\n\t<meta property=\"og:image:height\" content=\"500\" \/>\n\t<meta property=\"og:image:type\" content=\"image\/jpeg\" \/>\n<meta name=\"twitter:card\" content=\"summary_large_image\" \/>\n<meta name=\"twitter:label1\" content=\"Ber\u00e4knad l\u00e4stid\" \/>\n\t<meta name=\"twitter:data1\" content=\"2 minuter\" \/>\n<script type=\"application\/ld+json\" class=\"yoast-schema-graph\">{\"@context\":\"https:\\\/\\\/schema.org\",\"@graph\":[{\"@type\":\"WebPage\",\"@id\":\"https:\\\/\\\/www.telpak.fi\\\/supplier-carrier-info\\\/\",\"url\":\"https:\\\/\\\/www.telpak.fi\\\/supplier-carrier-info\\\/\",\"name\":\"Supplier\\\/Carrier INFO - Telpak\",\"isPartOf\":{\"@id\":\"https:\\\/\\\/www.telpak.fi\\\/#website\"},\"primaryImageOfPage\":{\"@id\":\"https:\\\/\\\/www.telpak.fi\\\/supplier-carrier-info\\\/#primaryimage\"},\"image\":{\"@id\":\"https:\\\/\\\/www.telpak.fi\\\/supplier-carrier-info\\\/#primaryimage\"},\"thumbnailUrl\":\"https:\\\/\\\/www.telpak.fi\\\/wp-content\\\/uploads\\\/2023\\\/03\\\/NettiEtusivuHeader-1.jpg\",\"datePublished\":\"2023-03-28T09:18:42+00:00\",\"dateModified\":\"2025-05-16T13:05:16+00:00\",\"breadcrumb\":{\"@id\":\"https:\\\/\\\/www.telpak.fi\\\/supplier-carrier-info\\\/#breadcrumb\"},\"inLanguage\":\"sv-SE\",\"potentialAction\":[{\"@type\":\"ReadAction\",\"target\":[\"https:\\\/\\\/www.telpak.fi\\\/supplier-carrier-info\\\/\"]}]},{\"@type\":\"ImageObject\",\"inLanguage\":\"sv-SE\",\"@id\":\"https:\\\/\\\/www.telpak.fi\\\/supplier-carrier-info\\\/#primaryimage\",\"url\":\"https:\\\/\\\/www.telpak.fi\\\/wp-content\\\/uploads\\\/2023\\\/03\\\/NettiEtusivuHeader-1.jpg\",\"contentUrl\":\"https:\\\/\\\/www.telpak.fi\\\/wp-content\\\/uploads\\\/2023\\\/03\\\/NettiEtusivuHeader-1.jpg\",\"width\":1200,\"height\":500},{\"@type\":\"BreadcrumbList\",\"@id\":\"https:\\\/\\\/www.telpak.fi\\\/supplier-carrier-info\\\/#breadcrumb\",\"itemListElement\":[{\"@type\":\"ListItem\",\"position\":1,\"name\":\"Etusivu\",\"item\":\"https:\\\/\\\/www.telpak.fi\\\/sv\\\/\"},{\"@type\":\"ListItem\",\"position\":2,\"name\":\"Supplier\\\/Carrier INFO\"}]},{\"@type\":\"WebSite\",\"@id\":\"https:\\\/\\\/www.telpak.fi\\\/#website\",\"url\":\"https:\\\/\\\/www.telpak.fi\\\/\",\"name\":\"Telpak\",\"description\":\"Pienet asiat, suuri vaikutus\",\"publisher\":{\"@id\":\"https:\\\/\\\/www.telpak.fi\\\/#organization\"},\"potentialAction\":[{\"@type\":\"SearchAction\",\"target\":{\"@type\":\"EntryPoint\",\"urlTemplate\":\"https:\\\/\\\/www.telpak.fi\\\/?s={search_term_string}\"},\"query-input\":{\"@type\":\"PropertyValueSpecification\",\"valueRequired\":true,\"valueName\":\"search_term_string\"}}],\"inLanguage\":\"sv-SE\"},{\"@type\":\"Organization\",\"@id\":\"https:\\\/\\\/www.telpak.fi\\\/#organization\",\"name\":\"Telpak Oy\",\"url\":\"https:\\\/\\\/www.telpak.fi\\\/\",\"logo\":{\"@type\":\"ImageObject\",\"inLanguage\":\"sv-SE\",\"@id\":\"https:\\\/\\\/www.telpak.fi\\\/#\\\/schema\\\/logo\\\/image\\\/\",\"url\":\"https:\\\/\\\/www.telpak.fi\\\/wp-content\\\/uploads\\\/2016\\\/06\\\/testim-logo-telpak.png\",\"contentUrl\":\"https:\\\/\\\/www.telpak.fi\\\/wp-content\\\/uploads\\\/2016\\\/06\\\/testim-logo-telpak.png\",\"width\":167,\"height\":138,\"caption\":\"Telpak Oy\"},\"image\":{\"@id\":\"https:\\\/\\\/www.telpak.fi\\\/#\\\/schema\\\/logo\\\/image\\\/\"},\"sameAs\":[\"https:\\\/\\\/www.linkedin.com\\\/company\\\/oy-telpak-ab\",\"https:\\\/\\\/www.youtube.com\\\/channel\\\/UCxHYBsFKZOYL7U-3rzehx5w\"]}]}<\/script>\n<!-- \/ Yoast SEO plugin. -->","yoast_head_json":{"title":"Supplier\/Carrier INFO - Telpak","robots":{"index":"index","follow":"follow","max-snippet":"max-snippet:-1","max-image-preview":"max-image-preview:large","max-video-preview":"max-video-preview:-1"},"canonical":"https:\/\/www.telpak.fi\/supplier-carrier-info\/","og_locale":"sv_SE","og_type":"article","og_title":"Supplier\/Carrier INFO - Telpak","og_description":"Dear Supplier\/Carrier, To avoid waiting times for unloading in our warehouse in Tuusula, we have an unloading time slot reservation system in use. For all","og_url":"https:\/\/www.telpak.fi\/supplier-carrier-info\/","og_site_name":"Telpak","article_modified_time":"2025-05-16T13:05:16+00:00","og_image":[{"width":1200,"height":500,"url":"https:\/\/www.telpak.fi\/wp-content\/uploads\/2023\/03\/NettiEtusivuHeader-1.jpg","type":"image\/jpeg"}],"twitter_card":"summary_large_image","twitter_misc":{"Ber\u00e4knad l\u00e4stid":"2 minuter"},"schema":{"@context":"https:\/\/schema.org","@graph":[{"@type":"WebPage","@id":"https:\/\/www.telpak.fi\/supplier-carrier-info\/","url":"https:\/\/www.telpak.fi\/supplier-carrier-info\/","name":"Supplier\/Carrier INFO - Telpak","isPartOf":{"@id":"https:\/\/www.telpak.fi\/#website"},"primaryImageOfPage":{"@id":"https:\/\/www.telpak.fi\/supplier-carrier-info\/#primaryimage"},"image":{"@id":"https:\/\/www.telpak.fi\/supplier-carrier-info\/#primaryimage"},"thumbnailUrl":"https:\/\/www.telpak.fi\/wp-content\/uploads\/2023\/03\/NettiEtusivuHeader-1.jpg","datePublished":"2023-03-28T09:18:42+00:00","dateModified":"2025-05-16T13:05:16+00:00","breadcrumb":{"@id":"https:\/\/www.telpak.fi\/supplier-carrier-info\/#breadcrumb"},"inLanguage":"sv-SE","potentialAction":[{"@type":"ReadAction","target":["https:\/\/www.telpak.fi\/supplier-carrier-info\/"]}]},{"@type":"ImageObject","inLanguage":"sv-SE","@id":"https:\/\/www.telpak.fi\/supplier-carrier-info\/#primaryimage","url":"https:\/\/www.telpak.fi\/wp-content\/uploads\/2023\/03\/NettiEtusivuHeader-1.jpg","contentUrl":"https:\/\/www.telpak.fi\/wp-content\/uploads\/2023\/03\/NettiEtusivuHeader-1.jpg","width":1200,"height":500},{"@type":"BreadcrumbList","@id":"https:\/\/www.telpak.fi\/supplier-carrier-info\/#breadcrumb","itemListElement":[{"@type":"ListItem","position":1,"name":"Etusivu","item":"https:\/\/www.telpak.fi\/sv\/"},{"@type":"ListItem","position":2,"name":"Supplier\/Carrier INFO"}]},{"@type":"WebSite","@id":"https:\/\/www.telpak.fi\/#website","url":"https:\/\/www.telpak.fi\/","name":"Telpak","description":"Pienet asiat, suuri vaikutus","publisher":{"@id":"https:\/\/www.telpak.fi\/#organization"},"potentialAction":[{"@type":"SearchAction","target":{"@type":"EntryPoint","urlTemplate":"https:\/\/www.telpak.fi\/?s={search_term_string}"},"query-input":{"@type":"PropertyValueSpecification","valueRequired":true,"valueName":"search_term_string"}}],"inLanguage":"sv-SE"},{"@type":"Organization","@id":"https:\/\/www.telpak.fi\/#organization","name":"Telpak Oy","url":"https:\/\/www.telpak.fi\/","logo":{"@type":"ImageObject","inLanguage":"sv-SE","@id":"https:\/\/www.telpak.fi\/#\/schema\/logo\/image\/","url":"https:\/\/www.telpak.fi\/wp-content\/uploads\/2016\/06\/testim-logo-telpak.png","contentUrl":"https:\/\/www.telpak.fi\/wp-content\/uploads\/2016\/06\/testim-logo-telpak.png","width":167,"height":138,"caption":"Telpak Oy"},"image":{"@id":"https:\/\/www.telpak.fi\/#\/schema\/logo\/image\/"},"sameAs":["https:\/\/www.linkedin.com\/company\/oy-telpak-ab","https:\/\/www.youtube.com\/channel\/UCxHYBsFKZOYL7U-3rzehx5w"]}]}},"_links":{"self":[{"href":"https:\/\/www.telpak.fi\/sv\/wp-json\/wp\/v2\/pages\/5459","targetHints":{"allow":["GET"]}}],"collection":[{"href":"https:\/\/www.telpak.fi\/sv\/wp-json\/wp\/v2\/pages"}],"about":[{"href":"https:\/\/www.telpak.fi\/sv\/wp-json\/wp\/v2\/types\/page"}],"author":[{"embeddable":true,"href":"https:\/\/www.telpak.fi\/sv\/wp-json\/wp\/v2\/users\/7"}],"replies":[{"embeddable":true,"href":"https:\/\/www.telpak.fi\/sv\/wp-json\/wp\/v2\/comments?post=5459"}],"version-history":[{"count":9,"href":"https:\/\/www.telpak.fi\/sv\/wp-json\/wp\/v2\/pages\/5459\/revisions"}],"predecessor-version":[{"id":6854,"href":"https:\/\/www.telpak.fi\/sv\/wp-json\/wp\/v2\/pages\/5459\/revisions\/6854"}],"wp:featuredmedia":[{"embeddable":true,"href":"https:\/\/www.telpak.fi\/sv\/wp-json\/wp\/v2\/media\/5732"}],"wp:attachment":[{"href":"https:\/\/www.telpak.fi\/sv\/wp-json\/wp\/v2\/media?parent=5459"}],"curies":[{"name":"wp","href":"https:\/\/api.w.org\/{rel}","templated":true}]}}